{"id":6131,"date":"2024-04-19T16:00:04","date_gmt":"2024-04-19T15:00:04","guid":{"rendered":"https:\/\/2naturkinder.de\/events\/"},"modified":"2025-10-10T07:22:17","modified_gmt":"2025-10-10T06:22:17","slug":"events","status":"publish","type":"page","link":"https:\/\/2naturkinder.de\/de\/events\/","title":{"rendered":"Events"},"content":{"rendered":"<div class=\"wpb-content-wrapper\"><p>[vc_row][vc_column][vc_custom_heading text=&#8220;Zwischen Keller und K\u00fcche&#8220; font_container=&#8220;tag:h1|text_align:center&#8220; google_fonts=&#8220;font_family:ABeeZee%3Aregular%2Citalic|font_style:400%20regular%3A400%3Anormal&#8220;][vc_column_text]<\/p>\n<h6 style=\"text-align: center;\"><em>B\u00e9n\u00e9dicte Kaempffer \u00d7 2Naturkinder &#8211; Ein vegetarisches 5-G\u00e4nge-Men\u00fc mit Weinbegleitung<\/em><\/h6>\n<p>[\/vc_column_text][\/vc_column][\/vc_row][vc_row][vc_column][wyde_image_gallery images=&#8220;6258,6254,6228,6250&#8243; image_size=&#8220;full&#8220; gallery_type=&#8220;masonry&#8220;][vc_empty_space][\/vc_column][\/vc_row][vc_row padding_size=&#8220;m-padding&#8220;][vc_column width=&#8220;1\/4&#8243;][\/vc_column][vc_column width=&#8220;1\/2&#8243;][vc_column_text]<\/p>\n<h6 data-start=\"282\" data-end=\"650\">Hin und wieder verwandeln wir den Packraum unseres Weinguts in einen Speiseraum \u2013 jenen alten Raum, in dem einst die Pferde nach dem Fass-Transport ruhten und der heute das Herz unserer Lesedinner ist. Kerzen, Tischdecken und Musik schaffen eine besondere Atmosph\u00e4re, und aus dem Keller unter unseren F\u00fc\u00dfen findet vielleicht auch eine \u00dcberraschungsflasche den Weg auf den Tisch.<br \/>Am 24. und 25. Oktober laden wir wieder dazu ein \u2013 zwei Abende, an denen sich Keller und K\u00fcche begegnen: im Essen, im Wein und an der Tafel. <\/h6>\n<h6 data-start=\"652\" data-end=\"885\">Im Oktober feiern wir die Ernte \u2013 eine Zeit des Dankes, des Abschlusses und des Neubeginns. Das Men\u00fc entsteht aus Obst und Gem\u00fcse in ihrer vollen Reife, bezogen von befreundeten G\u00e4rtner:innen und Bio-Bauern aus unserer Umgebung. <\/h6>\n<p>[\/vc_column_text][\/vc_column][vc_column width=&#8220;1\/4&#8243;][\/vc_column][\/vc_row][vc_row][vc_column width=&#8220;1\/3&#8243;][\/vc_column][vc_column width=&#8220;1\/3&#8243;][vc_single_image image=&#8220;6104&#8243;][\/vc_column][vc_column width=&#8220;1\/3&#8243;][\/vc_column][\/vc_row][vc_row padding_size=&#8220;m-padding&#8220;][vc_column width=&#8220;1\/4&#8243;][\/vc_column][vc_column width=&#8220;1\/2&#8243;][vc_column_text]<\/p>\n<h6 data-start=\"152\" data-end=\"701\">In diesem Oktober geh\u00f6rt die K\u00fcche B\u00e9n\u00e9dicte Kaempffer.<br data-start=\"213\" data-end=\"216\">Sie hat in Michelin-Sterne-Restaurants wie Aubergine in Starnberg gearbeitet, als Sous Chefin im traditionsreichen Tertin Kartano in Finnland klassische nordische Techniken vertieft und zuletzt als Chef de Cuisine im Restaurant M\u00fcllerslust in Hohenp\u00e4hl gewirkt. W\u00e4hrend unserer diesj\u00e4hrigen Weinlese hat sie t\u00e4glich f\u00fcr das gesamte Team gekocht, uns durch lange Tage getragen und ist uns seither eine enge Freundin geworden. Nun kehrt sie nach Kitzingen zur\u00fcck \u2013 mit einem vegetarischen 5-Gang-Men\u00fc, begleitet von unseren Weinen.  <\/h6>\n<h6 data-start=\"703\" data-end=\"901\">Ihre K\u00fcche erz\u00e4hlt Geschichten \u2013 von Reisen, Begegnungen und Wurzeln. Gem\u00fcse und Obst sind f\u00fcr sie nicht blo\u00dfe Zutaten, sondern Ausdruck von Lebendigkeit und Farbe. Klarheit und \u00dcberraschung, verschiedene Texturen und Temperaturen verweben sich zu einer Reise, die Raum f\u00fcr das Unerwartete l\u00e4sst. <\/h6>\n<p>[\/vc_column_text][\/vc_column][vc_column width=&#8220;1\/4&#8243;][\/vc_column][\/vc_row][vc_row padding_size=&#8220;m-padding&#8220;][vc_column text_align=&#8220;right&#8220;][vc_row_inner][vc_column_inner][wyde_image_gallery images=&#8220;6260,6262,6264,6266&#8243; image_size=&#8220;full&#8220; gallery_type=&#8220;masonry&#8220;][\/vc_column_inner][\/vc_row_inner][\/vc_column][\/vc_row][vc_row padding_size=&#8220;m-padding&#8220;][vc_column width=&#8220;1\/4&#8243;][\/vc_column][vc_column width=&#8220;1\/2&#8243;][vc_column_text]<\/p>\n<h6><strong data-start=\"1421\" data-end=\"1433\">Das Men\u00fc<\/strong><br data-start=\"1433\" data-end=\"1436\">Vegetarisch &#8211; 5 G\u00e4nge<\/h6>\n<h6 data-start=\"111\" data-end=\"222\">I. Panem et Circenses<br data-start=\"136\" data-end=\"139\">Sauerteigbrot \/ Liebst\u00f6ckel\u00f6l \/ aufgeschlagene Nussbutter &amp; Rauchsalz \/ aromatisierter Honig<\/h6>\n<h6 data-start=\"224\" data-end=\"323\"><strong data-start=\"224\" data-end=\"273\">II. Japanischer Eierstich &amp; Fr\u00e4nkische Pickles <\/strong><br data-start=\"273\" data-end=\"276\">Pilz-Dashi \/ Radieschen-Pickle \/ Rotkohl<\/h6>\n<h6 data-start=\"325\" data-end=\"407\"><strong data-start=\"325\" data-end=\"356\">III. Austernpilze gebacken <\/strong><br data-start=\"356\" data-end=\"359\">Kern\u00f6l-Dijonnaise \/ Rote-Bete-Tatar<\/h6>\n<h6 data-start=\"409\" data-end=\"544\"><strong data-start=\"409\" data-end=\"435\">IV. Quartett vom K\u00fcrbis<\/strong><br data-start=\"435\" data-end=\"438\">Miso-Butter-Pumpkin<br \/> Kaare-Kare K\u00fcrbis-Pur\u00e9e \/ K\u00fcrbis-Kokos -Schaum \/ Ginger-Pumpkin-Calamansi-Pickle<\/h6>\n<h6 data-start=\"546\" data-end=\"614\"><strong data-start=\"546\" data-end=\"572\">V. Wilde Hefen &amp; Tonka<\/strong><br data-start=\"572\" data-end=\"575\">Milcheis \/ Anis-Quitten-Crumble<\/h6>\n<p>[\/vc_column_text][vc_column_text]<\/p>\n<hr>\n<h6><strong data-start=\"1651\" data-end=\"1664\">Die Weine<\/strong><br data-start=\"1664\" data-end=\"1667\">Jeder Gang wird mit einem unserer Weine gepaart. Der Abend beginnt mit einem Glas Bubbles, gefolgt von einem Glas zu jedem Gericht. Wasser inklusive.  <\/h6>\n<hr>\n<h6><strong data-start=\"1819\" data-end=\"1830\">Details<\/strong><\/h6>\n<ul data-start=\"1833\" data-end=\"2132\">\n<li data-start=\"1833\" data-end=\"1882\">\n<h6>Termine: Freitag, 24.10.2025 &amp; Samstag, 25.10.2025<\/h6>\n<\/li>\n<li data-start=\"1883\" data-end=\"1900\">\n<h6>Uhrzeit: 19:15 Uhr<\/h6>\n<\/li>\n<li data-start=\"1901\" data-end=\"1976\">\n<h6>Ort: 2Naturkinder, G\u00fcterhallstr. 10, 97318 Kitzingen, Deutschland <\/h6>\n<\/li>\n<li data-start=\"1977\" data-end=\"2007\">\n<h6>Pl\u00e4tze: 30 G\u00e4ste pro Abend<\/h6>\n<\/li>\n<li data-start=\"2008\" data-end=\"2066\">\n<h6>Preis: \u20ac89 pro Person (inklusive Weinbegleitung und Wasser)<\/h6>\n<\/li>\n<li data-start=\"2067\" data-end=\"2132\">\n<h6>Tickets: ausschlie\u00dflich im Vorverkauf \u00fcber Eventbrite (keine Abendkasse)<\/h6>\n<\/li>\n<\/ul>\n<h6><strong data-start=\"2134\" data-end=\"2155\">Hinweis zu Allergien<\/strong><br data-start=\"2155\" data-end=\"2158\">Das Men\u00fc ist vegetarisch. Anpassungen k\u00f6nnen nur f\u00fcr wesentliche Allergien vorgenommen werden, nicht f\u00fcr pers\u00f6nliche Vorlieben. Bitte geben Sie Allergien bei der Buchung an.  <\/h6>\n<p>[\/vc_column_text][\/vc_column][vc_column width=&#8220;1\/4&#8243;][\/vc_column][\/vc_row][vc_row][vc_column text_align=&#8220;center&#8220;][wyde_button title=&#8220;Tickets f\u00fcr Freitag&#8220; link=&#8220;url:https%3A%2F%2Fwww.eventbrite.de%2Fe%2F1763979071889%3Faff%3Doddtdtcreator|title:Tickets%20for%20Friday|target:_blank&#8220;][wyde_button title=&#8220;Tickets f\u00fcr Samstag&#8220; link=&#8220;url:https%3A%2F%2Fwww.eventbrite.de%2Fe%2F1764154496589%3Faff%3Doddtdtcreator|title:Tickets%20for%20Saturday|target:_blank&#8220;][\/vc_column][\/vc_row]<\/p>\n<\/div>","protected":false},"excerpt":{"rendered":"<p>[vc_row][vc_column][vc_custom_heading text=&#8220;Zwischen Keller und K\u00fcche&#8220; font_container=&#8220;tag:h1|text_align:center&#8220; google_fonts=&#8220;font_family:ABeeZee%3Aregular%2Citalic|font_style:400%20regular%3A400%3Anormal&#8220;][vc_column_text] B\u00e9n\u00e9dicte Kaempffer \u00d7 2Naturkinder &#8211; Ein vegetarisches 5-G\u00e4nge-Men\u00fc mit Weinbegleitung [\/vc_column_text][\/vc_column][\/vc_row][vc_row][vc_column][wyde_image_gallery images=&#8220;6258,6254,6228,6250&#8243; image_size=&#8220;full&#8220; gallery_type=&#8220;masonry&#8220;][vc_empty_space][\/vc_column][\/vc_row][vc_row padding_size=&#8220;m-padding&#8220;][vc_column width=&#8220;1\/4&#8243;][\/vc_column][vc_column width=&#8220;1\/2&#8243;][vc_column_text] Hin und wieder verwandeln wir den Packraum unseres Weinguts in einen Speiseraum \u2013 jenen alten Raum, in dem einst die Pferde nach dem Fass-Transport ruhten und der heute das Herz unserer [&hellip;]<\/p>\n","protected":false},"author":1,"featured_media":6229,"parent":0,"menu_order":0,"comment_status":"closed","ping_status":"closed","template":"","meta":{"_acf_changed":false,"footnotes":""},"class_list":["post-6131","page","type-page","status-publish","has-post-thumbnail","hentry"],"acf":[],"_links":{"self":[{"href":"https:\/\/2naturkinder.de\/de\/wp-json\/wp\/v2\/pages\/6131","targetHints":{"allow":["GET"]}}],"collection":[{"href":"https:\/\/2naturkinder.de\/de\/wp-json\/wp\/v2\/pages"}],"about":[{"href":"https:\/\/2naturkinder.de\/de\/wp-json\/wp\/v2\/types\/page"}],"author":[{"embeddable":true,"href":"https:\/\/2naturkinder.de\/de\/wp-json\/wp\/v2\/users\/1"}],"replies":[{"embeddable":true,"href":"https:\/\/2naturkinder.de\/de\/wp-json\/wp\/v2\/comments?post=6131"}],"version-history":[{"count":50,"href":"https:\/\/2naturkinder.de\/de\/wp-json\/wp\/v2\/pages\/6131\/revisions"}],"predecessor-version":[{"id":6312,"href":"https:\/\/2naturkinder.de\/de\/wp-json\/wp\/v2\/pages\/6131\/revisions\/6312"}],"wp:featuredmedia":[{"embeddable":true,"href":"https:\/\/2naturkinder.de\/de\/wp-json\/wp\/v2\/media\/6229"}],"wp:attachment":[{"href":"https:\/\/2naturkinder.de\/de\/wp-json\/wp\/v2\/media?parent=6131"}],"curies":[{"name":"wp","href":"https:\/\/api.w.org\/{rel}","templated":true}]}}