{"id":6015,"date":"2023-12-08T10:28:33","date_gmt":"2023-12-08T09:28:33","guid":{"rendered":"https:\/\/2naturkinder.de\/startseite-2\/"},"modified":"2026-01-21T13:44:25","modified_gmt":"2026-01-21T12:44:25","slug":"startseite-2","status":"publish","type":"page","link":"https:\/\/2naturkinder.de\/de\/","title":{"rendered":"Startseite"},"content":{"rendered":"<div class=\"wpb-content-wrapper\"><p>[vc_row padding_size=&#8220;no-padding&#8220;][vc_column][vc_single_image image=&#8220;4132&#8243; img_size=&#8220;full-width&#8220; alignment=&#8220;center&#8220; animation=&#8220;fadeIn&#8220;][\/vc_column][\/vc_row][vc_row padding_size=&#8220;s-padding&#8220;][vc_column][vc_row_inner padding_size=&#8220;m-padding&#8220;][vc_column_inner width=&#8220;1\/6&#8243;][\/vc_column_inner][vc_column_inner width=&#8220;2\/3&#8243;][vc_column_text]<\/p>\n<h6><span style=\"font-weight: 400;\">Vom Weinberg bis in den Keller begleiten unz\u00e4hlige Mikroorganismen das Leben eines Weins. Sie leben im Kosmos um die Reben, im Boden, auf den Trauben, im Most und schlie\u00dflich im Wein selbst.<br \/>\nAuch wir sind Teil dieser Geschichte, aber es sind nicht nur wir, die sie schreiben. Wir lassen Unruhe zu. Um das sich st\u00e4ndig ver\u00e4ndernde, unglaublich komplexe Wesen, das als Wein in der Flasche endet mehr als eine Ressource, ein Produkt, es wirklich lebendig sein zu lassen<\/span><\/h6>\n<p>[\/vc_column_text][\/vc_column_inner][vc_column_inner width=&#8220;1\/6&#8243;][\/vc_column_inner][\/vc_row_inner][vc_row_inner padding_size=&#8220;no-padding&#8220;][vc_column_inner width=&#8220;1\/3&#8243;][\/vc_column_inner][vc_column_inner width=&#8220;2\/3&#8243;][vc_custom_heading text=&#8220;Weniger Kontrolle bedeutet ein gr\u00f6\u00dferes Risiko des Scheiterns. Aber es erm\u00f6glicht ebenso unvorhersehbare Sch\u00f6nheit und Momente wahrer Resonanz.&#8220; google_fonts=&#8220;font_family:ABeeZee%3Aregular%2Citalic|font_style:400%20regular%3A400%3Anormal&#8220;][vc_empty_space height=&#8220;10px&#8220;][vc_custom_heading text=&#8220;Mit der Natur, dem Wein und der Welt.&#8220; google_fonts=&#8220;font_family:ABeeZee%3Aregular%2Citalic|font_style:400%20regular%3A400%3Anormal&#8220;][\/vc_column_inner][\/vc_row_inner][vc_row_inner padding_size=&#8220;m-padding&#8220;][vc_column_inner width=&#8220;1\/6&#8243;][\/vc_column_inner][vc_column_inner width=&#8220;2\/3&#8243;][vc_column_text]<\/p>\n<h6><span style=\"font-weight: 400;\">Mit einem Hintergrund in Judaistik und Philosophie arbeiteten Melanie und Michael mehrere Jahre f\u00fcr Wissenschaftsverlage in Deutschland und im Vereinigten K\u00f6nigreich, bevor sie in das 1843 gegr\u00fcndete Familienweingut zur\u00fcckkehrten. Mit dem Jahrgang 2013 wurde 2Naturkinder geboren.<\/span><\/h6>\n<h6><span style=\"font-weight: 400;\">Fasziniert von der Schn\u00f6rkellosigkeit der Weine, die wir in den Jahren zuvor entdeckt hatten, war unser Ziel von Anfang an, Wein so puristisch wie m\u00f6glich zu produzieren. Ein Wein voller Leben, nicht voller Erwartungen. Der das Land, den Jahrgang, die Menschen und die Rebsorte auf eine Art und Weise zum Ausdruck bringt, die unsere Region bisher nicht kannte.<\/span><\/h6>\n<p>[\/vc_column_text][\/vc_column_inner][vc_column_inner width=&#8220;1\/6&#8243;][\/vc_column_inner][\/vc_row_inner][vc_row_inner padding_size=&#8220;m-padding&#8220;][vc_column_inner width=&#8220;1\/3&#8243;][\/vc_column_inner][vc_column_inner width=&#8220;1\/3&#8243;][vc_single_image image=&#8220;4133&#8243;][\/vc_column_inner][vc_column_inner width=&#8220;1\/3&#8243;][\/vc_column_inner][\/vc_row_inner][\/vc_column][\/vc_row][vc_row padding_size=&#8220;m-padding&#8220;][vc_column width=&#8220;1\/6&#8243;][\/vc_column][vc_column width=&#8220;2\/3&#8243;][vc_custom_heading text=&#8220;Weine&#8220; font_container=&#8220;tag:h1|text_align:center&#8220; google_fonts=&#8220;font_family:ABeeZee%3Aregular%2Citalic|font_style:400%20regular%3A400%3Anormal&#8220;][vc_empty_space][vc_column_text]<\/p>\n<h6><span style=\"font-weight: 400;\">Alle unsere Trauben stammen aus \u00f6kologisch bewirtschafteten Weinbergen und werden von Hand geerntet. Der Saft wird ganz von selbst zu Wein, wir brauchen und verwenden keine Zusatzstoffe. Ab 2023 f\u00fchren wir ein neues Etikettendesign ein, so dass es in absehbarer Zeit eine bunte Mischung in unserem Portfolio geben wird.<\/span><\/h6>\n<p>[\/vc_column_text][vc_empty_space][\/vc_column][vc_column width=&#8220;1\/6&#8243;][\/vc_column][vc_column][wyde_portfolio_grid view=&#8220;w-masonry&#8220; count=&#8220;4&#8243; hide_filter=&#8220;true&#8220; pagination=&#8220;2&#8243;][\/vc_column][\/vc_row][vc_row padding_size=&#8220;m-padding&#8220;][vc_column width=&#8220;1\/4&#8243;][\/vc_column][vc_column width=&#8220;1\/2&#8243;][vc_column_text]<\/p>\n<blockquote>\n<div data-pm-slice=\"1 1 []\" data-en-clipboard=\"true\">Ich f\u00fcrchte mich so vor der Menschen Wort.<\/div>\n<div>Sie sprechen alles so deutlich aus.<\/div>\n<div>Und dieses hei\u00dft Hund und jenes hei\u00dft Haus,<\/div>\n<div>und hier ist der Beginn und das Ende ist dort.<\/div>\n<p>&nbsp;<\/p>\n<div>Mich bangt auch ihr Sinn, ihr Spiel mit dem Spott,<\/div>\n<div>sie wissen alles, was wird und war;<\/div>\n<div>kein Berg ist ihnen mehr wunderbar;<\/div>\n<div>ihr Garten und Gut grenzt grade an Gott.<\/div>\n<p>&nbsp;<\/p>\n<div>Ich will immer warnen und wehren: Bleibt fern.<\/div>\n<div>Die Dinge singen h\u00f6r ich so gern.<\/div>\n<div>Ihr r\u00fchrt sie an: sie sind starr und stumm.<\/div>\n<div>Ihr bringt mir alle die Dinge um.<\/div>\n<\/blockquote>\n<p style=\"text-align: right;\">Rainer-Maria Rilke<\/p>\n<p>[\/vc_column_text][\/vc_column][vc_column width=&#8220;1\/4&#8243;][\/vc_column][\/vc_row][vc_row padding_size=&#8220;m-padding&#8220;][vc_column][vc_custom_heading text=&#8220;Land&#8220; font_container=&#8220;tag:h1|text_align:center&#8220; google_fonts=&#8220;font_family:ABeeZee%3Aregular%2Citalic|font_style:400%20regular%3A400%3Anormal&#8220;][vc_empty_space][vc_single_image image=&#8220;4134&#8243; img_size=&#8220;full-width&#8220; alignment=&#8220;center&#8220;][vc_empty_space][\/vc_column][vc_column][vc_row_inner padding_size=&#8220;m-padding&#8220;][vc_column_inner width=&#8220;1\/6&#8243;][\/vc_column_inner][vc_column_inner width=&#8220;2\/3&#8243;][vc_column_text]<\/p>\n<h6><span style=\"font-weight: 400;\">Wir bewirtschaften etwa sieben Hektar Land, haupts\u00e4chlich in der N\u00e4he des Weinguts auf den H\u00fcgeln zweier kleiner T\u00e4ler. Ein langer Weg hat uns dazu gebracht, den Boden weniger parametrisch, sondern mehr als lebendiges Wesen zu verstehen. Wir sind ein kleines Weingut geblieben und lagern die Weine der meisten Parzellen getrennt im Keller, um zu verstehen, wie sich die unterschiedliche Behandlung der B\u00f6den auf den Wein auswirkt. <\/span><\/h6>\n<p>[\/vc_column_text][\/vc_column_inner][vc_column_inner width=&#8220;1\/6&#8243;][\/vc_column_inner][\/vc_row_inner][vc_row_inner padding_size=&#8220;no-padding&#8220;][vc_column_inner width=&#8220;1\/3&#8243;][\/vc_column_inner][vc_column_inner width=&#8220;2\/3&#8243;][vc_custom_heading text=&#8220;Sobald die Trauben reif sind, ist die Symphonie geschrieben und wartet darauf, aufgef\u00fchrt zu werden.&#8220; google_fonts=&#8220;font_family:ABeeZee%3Aregular%2Citalic|font_style:400%20regular%3A400%3Anormal&#8220;][\/vc_column_inner][\/vc_row_inner][vc_row_inner padding_size=&#8220;m-padding&#8220;][vc_column_inner width=&#8220;1\/6&#8243;][\/vc_column_inner][vc_column_inner width=&#8220;2\/3&#8243;][vc_column_text]<\/p>\n<h6><span style=\"font-weight: 400;\">Die Parzellen werden je nach ihren Bed\u00fcrfnissen individuell bewirtschaftet: Feiner Kompost bei unausgeglichenen B\u00f6den, Komposttee, Fl\u00e4chenrotte und Fl\u00e4chenkompostierung zur Erh\u00f6hung des Humusanteils und Verbesserung der N\u00e4hrstoffverf\u00fcgbarkeit in den Trauben. Vielf\u00e4ltige Begr\u00fcnungen, Viti-Forstprojekte und selbstgemachte Tees zur Minimierung der Kupfermenge, die zur Bek\u00e4mpfung des Falschen Mehltaus ben\u00f6tigt wird. Nicht nur, um den Pflanzen das bestm\u00f6gliche \u00d6kosystem zu bieten, sondern auch, um unsere B\u00f6den f\u00fcr die kommenden Generationen zu erhalten.<\/span><\/h6>\n<h6><span style=\"font-weight: 400;\">Weinbau ist Komponieren. Das Klima und das Mikroklima, der Untergrund und der Oberboden, die Sorte und der Ertrag, all das und nur das bestimmt das Potenzial, das wir sp\u00e4ter im Keller haben. Sobald die Trauben reif sind, ist die Symphonie geschrieben und wartet darauf, aufgef\u00fchrt zu werden.<\/span><\/h6>\n<p>[\/vc_column_text][\/vc_column_inner][vc_column_inner width=&#8220;1\/6&#8243;][\/vc_column_inner][\/vc_row_inner][\/vc_column][\/vc_row][vc_row padding_size=&#8220;m-padding&#8220;][vc_column][vc_custom_heading text=&#8220;Keller&#8220; font_container=&#8220;tag:h1|text_align:center&#8220; google_fonts=&#8220;font_family:ABeeZee%3Aregular%2Citalic|font_style:400%20regular%3A400%3Anormal&#8220;][vc_empty_space][vc_single_image image=&#8220;4135&#8243; img_size=&#8220;full-width&#8220; alignment=&#8220;center&#8220;][vc_empty_space][\/vc_column][vc_column][vc_row_inner padding_size=&#8220;m-padding&#8220;][vc_column_inner width=&#8220;1\/6&#8243;][\/vc_column_inner][vc_column_inner width=&#8220;2\/3&#8243;][vc_column_text]<\/p>\n<h6><span style=\"font-weight: 400;\">Angefangen beim perfekten Lesetermin bestimmen viele Entscheidungen den endg\u00fcltigen Charakter des Weins: Abbeeren, Mazeration, Maischeg\u00e4rung, Sedimentation, die Wahl des Gebindes. Es ist die Interpretation einer Symphonie, die im Weinberg geschrieben wurde, gespielt von einem Orchester der Aromen. Jede Entscheidung, die w\u00e4hrend der Weinbereitung getroffen wird, l\u00e4sst eine der Musikerinnen, die sich auf der B\u00fchne befinden, ein wenig mehr oder weniger hervorstechen. <\/span><\/h6>\n<p>[\/vc_column_text][\/vc_column_inner][vc_column_inner width=&#8220;1\/6&#8243;][\/vc_column_inner][\/vc_row_inner][vc_row_inner padding_size=&#8220;no-padding&#8220;][vc_column_inner width=&#8220;1\/3&#8243;][\/vc_column_inner][vc_column_inner width=&#8220;2\/3&#8243;][vc_custom_heading text=&#8220;Die Handhabung des Unerwarteten ist eine zentrale Herausforderung bei der Herstellung von wirklich nat\u00fcrlichem Wein.&#8220; google_fonts=&#8220;font_family:ABeeZee%3Aregular%2Citalic|font_style:400%20regular%3A400%3Anormal&#8220;][\/vc_column_inner][\/vc_row_inner][vc_row_inner padding_size=&#8220;m-padding&#8220;][vc_column_inner width=&#8220;1\/6&#8243;][\/vc_column_inner][vc_column_inner width=&#8220;2\/3&#8243;][vc_column_text]<\/p>\n<h6><span style=\"font-weight: 400;\">Wir verwenden in keiner Phase der Weinherstellung jedwede Zusatzstoffe, auch keine Sulfite, was uns das direkteste Feedback gibt, das wir von unserem Land bekommen k\u00f6nnen. Damit nehmen wir jedoch auch unvorhersehbare Entwicklungen in Kauf. Die Handhabung des Unerwarteten ist eine zentrale Herausforderung bei der Herstellung von wirklich nat\u00fcrlichem Wein. <\/span><\/h6>\n<h6><span style=\"font-weight: 400;\">Unsere Weine reifen in unserem alten Weinkeller f\u00fcr mindestens ein Jahr, oft auch l\u00e4nger. Meistens in Eichenholz, von gebrauchten Barriques bis hin zu gro\u00dfen St\u00fcck und Doppelst\u00fcck F\u00e4ssern. Jedes Mal, wenn wir ein Fass verkosten, denken wir an den Weinberg, was in diesem Jahr gut gelaufen ist und was im n\u00e4chsten Jahr besser sein k\u00f6nnte. Die Weine bleiben so mit den Reben verbunden, der Keller mit dem Boden.<\/span><\/h6>\n<p>[\/vc_column_text][\/vc_column_inner][vc_column_inner width=&#8220;1\/6&#8243;][\/vc_column_inner][\/vc_row_inner][vc_row_inner padding_size=&#8220;m-padding&#8220;][vc_column_inner width=&#8220;1\/3&#8243;][\/vc_column_inner][vc_column_inner width=&#8220;1\/3&#8243;][vc_single_image image=&#8220;4136&#8243;][\/vc_column_inner][vc_column_inner width=&#8220;1\/3&#8243;][\/vc_column_inner][\/vc_row_inner][\/vc_column][\/vc_row][vc_row padding_size=&#8220;m-padding&#8220;][vc_column width=&#8220;1\/6&#8243;][\/vc_column][vc_column width=&#8220;2\/3&#8243;][vc_column_text]<\/p>\n<blockquote>\n<div data-pm-slice=\"1 1 []\" data-en-clipboard=\"true\">Die Natur ist nicht einfach ein organischer K\u00f6rper, wie eine Uhr, die kein vitales Bewegungsprinzip in sich tr\u00e4gt, sondern sie ist ein lebendiger K\u00f6rper, der Leben und Wahrnehmung hat, die viel erhabener sind als ein blo\u00dfer Mechanismus oder eine mechanische Bewegung.<\/div>\n<\/blockquote>\n<div data-pm-slice=\"1 1 []\" data-en-clipboard=\"true\"><\/div>\n<div style=\"text-align: right;\" data-pm-slice=\"1 1 []\" data-en-clipboard=\"true\">Anne Conway<\/div>\n<p>[\/vc_column_text][\/vc_column][vc_column width=&#8220;1\/6&#8243;][\/vc_column][\/vc_row][vc_row padding_size=&#8220;m-padding&#8220;][vc_column width=&#8220;1\/2&#8243;][vc_single_image image=&#8220;4137&#8243;][\/vc_column][vc_column width=&#8220;1\/2&#8243;][vc_custom_heading text=&#8220;Kontakt&#8220; font_container=&#8220;tag:h1|text_align:left&#8220; google_fonts=&#8220;font_family:ABeeZee%3Aregular%2Citalic|font_style:400%20regular%3A400%3Anormal&#8220;][vc_empty_space][vc_column_text]<\/p>\n<h6>Unser Gesch\u00e4ft ist jeden Freitag von 15:00 bis 18:00 Uhr ge\u00f6ffnet.<\/h6>\n<h6><span style=\"font-weight: 400;\">Wenn Sie zu einer anderen Zeit vorbeikommen m\u00f6chten, um Wein abzuholen, schreiben Sie uns bitte eine E-Mail<\/span><span style=\"font-weight: 400;\">.<\/span><\/h6>\n<h6><span style=\"font-weight: 400;\">Adresse : G\u00fcterhallstr. 10, 97318 Kitzingen<br \/>\nE-mail : hello@2naturkinder.de<br \/>\nTelefon : +49 (0)9321 4194<\/span><\/h6>\n<p>[\/vc_column_text][\/vc_column][\/vc_row]<\/p>\n<\/div>","protected":false},"excerpt":{"rendered":"<p>[vc_row padding_size=&#8220;no-padding&#8220;][vc_column][vc_single_image image=&#8220;4132&#8243; img_size=&#8220;full-width&#8220; alignment=&#8220;center&#8220; animation=&#8220;fadeIn&#8220;][\/vc_column][\/vc_row][vc_row padding_size=&#8220;s-padding&#8220;][vc_column][vc_row_inner padding_size=&#8220;m-padding&#8220;][vc_column_inner width=&#8220;1\/6&#8243;][\/vc_column_inner][vc_column_inner width=&#8220;2\/3&#8243;][vc_column_text] Vom Weinberg bis in den Keller begleiten unz\u00e4hlige Mikroorganismen das Leben eines Weins. Sie leben im Kosmos um die Reben, im Boden, auf den Trauben, im Most und schlie\u00dflich im Wein selbst. Auch wir sind Teil dieser Geschichte, aber es sind nicht nur wir, die [&hellip;]<\/p>\n","protected":false},"author":1,"featured_media":0,"parent":0,"menu_order":0,"comment_status":"closed","ping_status":"closed","template":"","meta":{"_acf_changed":false,"footnotes":""},"class_list":["post-6015","page","type-page","status-publish","hentry"],"acf":[],"_links":{"self":[{"href":"https:\/\/2naturkinder.de\/de\/wp-json\/wp\/v2\/pages\/6015","targetHints":{"allow":["GET"]}}],"collection":[{"href":"https:\/\/2naturkinder.de\/de\/wp-json\/wp\/v2\/pages"}],"about":[{"href":"https:\/\/2naturkinder.de\/de\/wp-json\/wp\/v2\/types\/page"}],"author":[{"embeddable":true,"href":"https:\/\/2naturkinder.de\/de\/wp-json\/wp\/v2\/users\/1"}],"replies":[{"embeddable":true,"href":"https:\/\/2naturkinder.de\/de\/wp-json\/wp\/v2\/comments?post=6015"}],"version-history":[{"count":31,"href":"https:\/\/2naturkinder.de\/de\/wp-json\/wp\/v2\/pages\/6015\/revisions"}],"predecessor-version":[{"id":6388,"href":"https:\/\/2naturkinder.de\/de\/wp-json\/wp\/v2\/pages\/6015\/revisions\/6388"}],"wp:attachment":[{"href":"https:\/\/2naturkinder.de\/de\/wp-json\/wp\/v2\/media?parent=6015"}],"curies":[{"name":"wp","href":"https:\/\/api.w.org\/{rel}","templated":true}]}}