{"id":5940,"date":"2017-02-17T14:40:39","date_gmt":"2017-02-17T13:40:39","guid":{"rendered":"https:\/\/2naturkinder.de\/werkstaetten\/"},"modified":"2023-12-08T09:56:26","modified_gmt":"2023-12-08T08:56:26","slug":"werkstaetten","status":"publish","type":"page","link":"https:\/\/2naturkinder.de\/de\/werkstaetten\/","title":{"rendered":"Workshops"},"content":{"rendered":"<div class=\"wpb-content-wrapper\"><p>[vc_row padding_size=&#8220;m-padding&#8220;][vc_column width=&#8220;1\/12&#8243;][\/vc_column][vc_column width=&#8220;5\/6&#8243;][vc_single_image image=&#8220;4143&#8243;][vc_empty_space][\/vc_column][vc_column width=&#8220;1\/12&#8243;][\/vc_column][\/vc_row][vc_row][vc_column text_align=&#8220;center&#8220;][vc_custom_heading text=&#8220;Workshops&#8220; font_container=&#8220;tag:h1|text_align:center&#8220; google_fonts=&#8220;font_family:ABeeZee%3Aregular%2Citalic|font_style:400%20regular%3A400%3Anormal&#8220;][\/vc_column][\/vc_row][vc_row padding_size=&#8220;m-padding&#8220;][vc_column width=&#8220;1\/4&#8243;][\/vc_column][vc_column width=&#8220;1\/2&#8243;][vc_column_text]<\/p>\n<h6>Das ganze Jahr \u00fcber kommen Menschen aus der ganzen Welt in unser Weingut und machen sich die H\u00e4nde schmutzig. Wir bieten einen Raum, Essen, Wein und die M\u00f6glichkeit zu erleben, wie wir mit unserem Land, unseren Reben und unseren Weinen arbeiten. Wir bauen auch Gem\u00fcse an, k\u00fcmmern uns um unsere Schafe und haben immer ein neues Biodiversit\u00e4ts-Projekt in Planung.<br \/>\nUnser Weingut ist ein Ort, an dem man sich mit Gleichgesinnten treffen kann: Studenten, Kreative, Sommeliers, Winzerinnen, Brauer oder einfach nur leidenschaftliche Weintrinkerinnen. Neue Lebenswege haben hier ihren Anfang genommen, Projekte und Jobs sind entstanden und neue Freundschaften haben sich entwickelt. Alles im Sinne unseres ganzheitlichen Arbeits- und Lebensansatzes, der nachhaltigen Landwirtschaft und des nat\u00fcrlichen Weins.<\/h6>\n<p>[\/vc_column_text][\/vc_column][vc_column width=&#8220;1\/4&#8243;][\/vc_column][\/vc_row][vc_row padding_size=&#8220;m-padding&#8220;][vc_column][vc_empty_space][\/vc_column][vc_column width=&#8220;1\/12&#8243;][\/vc_column][vc_column width=&#8220;5\/12&#8243;][vc_single_image image=&#8220;4099&#8243;][\/vc_column][vc_column width=&#8220;5\/12&#8243;][vc_column_text]<\/p>\n<h6><strong style=\"font-size: revert;\">Hast Du ein Datum im Kopf? Noch Fragen?<\/strong> <span style=\"font-size: revert;\"> Schicke uns eine E-Mail: <\/span><a style=\"font-size: revert;\" href=\"mailto:hello@2naturkinder.de\">hello@2naturkinder.de<\/a><span style=\"font-size: revert;\"> (und schreibe bitte ein paar Zeilen \u00fcber Dich und Deine Motivation und\/oder f\u00fcge Deinen Lebenslauf bei).<\/span><\/h6>\n<p>[\/vc_column_text][\/vc_column][vc_column width=&#8220;1\/12&#8243;][\/vc_column][\/vc_row]<\/p>\n<\/div>","protected":false},"excerpt":{"rendered":"<p>[vc_row padding_size=&#8220;m-padding&#8220;][vc_column width=&#8220;1\/12&#8243;][\/vc_column][vc_column width=&#8220;5\/6&#8243;][vc_single_image image=&#8220;4143&#8243;][vc_empty_space][\/vc_column][vc_column width=&#8220;1\/12&#8243;][\/vc_column][\/vc_row][vc_row][vc_column text_align=&#8220;center&#8220;][vc_custom_heading text=&#8220;Workshops&#8220; font_container=&#8220;tag:h1|text_align:center&#8220; google_fonts=&#8220;font_family:ABeeZee%3Aregular%2Citalic|font_style:400%20regular%3A400%3Anormal&#8220;][\/vc_column][\/vc_row][vc_row padding_size=&#8220;m-padding&#8220;][vc_column width=&#8220;1\/4&#8243;][\/vc_column][vc_column width=&#8220;1\/2&#8243;][vc_column_text] Das ganze Jahr \u00fcber kommen Menschen aus der ganzen Welt in unser Weingut und machen sich die H\u00e4nde schmutzig. Wir bieten einen Raum, Essen, Wein und die M\u00f6glichkeit zu erleben, wie wir mit unserem Land, unseren Reben und unseren Weinen arbeiten. Wir [&hellip;]<\/p>\n","protected":false},"author":1,"featured_media":0,"parent":0,"menu_order":0,"comment_status":"closed","ping_status":"closed","template":"","meta":{"_acf_changed":false,"footnotes":""},"class_list":["post-5940","page","type-page","status-publish","hentry"],"acf":[],"_links":{"self":[{"href":"https:\/\/2naturkinder.de\/de\/wp-json\/wp\/v2\/pages\/5940","targetHints":{"allow":["GET"]}}],"collection":[{"href":"https:\/\/2naturkinder.de\/de\/wp-json\/wp\/v2\/pages"}],"about":[{"href":"https:\/\/2naturkinder.de\/de\/wp-json\/wp\/v2\/types\/page"}],"author":[{"embeddable":true,"href":"https:\/\/2naturkinder.de\/de\/wp-json\/wp\/v2\/users\/1"}],"replies":[{"embeddable":true,"href":"https:\/\/2naturkinder.de\/de\/wp-json\/wp\/v2\/comments?post=5940"}],"version-history":[{"count":8,"href":"https:\/\/2naturkinder.de\/de\/wp-json\/wp\/v2\/pages\/5940\/revisions"}],"predecessor-version":[{"id":5948,"href":"https:\/\/2naturkinder.de\/de\/wp-json\/wp\/v2\/pages\/5940\/revisions\/5948"}],"wp:attachment":[{"href":"https:\/\/2naturkinder.de\/de\/wp-json\/wp\/v2\/media?parent=5940"}],"curies":[{"name":"wp","href":"https:\/\/api.w.org\/{rel}","templated":true}]}}