{"id":5934,"date":"2023-11-22T11:53:27","date_gmt":"2023-11-22T10:53:27","guid":{"rendered":"https:\/\/2naturkinder.de\/weine\/"},"modified":"2024-04-19T16:06:08","modified_gmt":"2024-04-19T15:06:08","slug":"weine","status":"publish","type":"page","link":"https:\/\/2naturkinder.de\/de\/weine\/","title":{"rendered":"Weine"},"content":{"rendered":"<div class=\"wpb-content-wrapper\"><p>[vc_row padding_size=&#8220;m-padding&#8220;][vc_column width=&#8220;1\/12&#8243;][\/vc_column][vc_column width=&#8220;5\/6&#8243;][vc_single_image image=&#8220;4118&#8243;][\/vc_column][vc_column width=&#8220;1\/12&#8243;][\/vc_column][\/vc_row][vc_row padding_size=&#8220;m-padding&#8220;][vc_column][vc_custom_heading text=&#8220;Weine&#8220; font_container=&#8220;tag:h1|text_align:center&#8220; google_fonts=&#8220;font_family:ABeeZee%3Aregular%2Citalic|font_style:400%20regular%3A400%3Anormal&#8220;][\/vc_column][vc_column width=&#8220;1\/6&#8243; animation=&#8220;fadeIn&#8220;][\/vc_column][vc_column width=&#8220;2\/3&#8243;][vc_column_text]<\/p>\n<h6><span style=\"font-weight: 400;\">Alle unsere Trauben stammen aus \u00f6kologisch bewirtschafteten Weinbergen und werden von Hand geerntet. Der Saft wird ganz von selbst zu Wein, wir brauchen und verwenden keine Zusatzstoffe. Im Jahr 2023 haben wir ein neues Etikettendesign eingef\u00fchrt, so dass wir in absehbarer Zeit eine bunte Mischung in unserem Portfolio haben werden.<\/span><\/h6>\n<h6><span style=\"font-weight: 400;\">Die neuen Etiketten (eingef\u00fchrt 2023) zeigen alle einen Linolschnitt eines deutschen Wildtieres. Die Etiketten der Cuv\u00e9es sind bunt, die Etiketten der Einzellagen schwarz-wei\u00df mit einem farbigen Wachssiegel auf dem Korken.<\/span><\/h6>\n<p>[\/vc_column_text][\/vc_column][vc_column width=&#8220;1\/6&#8243;][\/vc_column][\/vc_row][vc_row][vc_column][wyde_portfolio_grid view=&#8220;w-masonry&#8220; count=&#8220;15&#8243; hide_filter=&#8220;true&#8220; animation=&#8220;fadeIn&#8220;][\/vc_column][\/vc_row]<\/p>\n<\/div>","protected":false},"excerpt":{"rendered":"<p>[vc_row padding_size=&#8220;m-padding&#8220;][vc_column width=&#8220;1\/12&#8243;][\/vc_column][vc_column width=&#8220;5\/6&#8243;][vc_single_image image=&#8220;4118&#8243;][\/vc_column][vc_column width=&#8220;1\/12&#8243;][\/vc_column][\/vc_row][vc_row padding_size=&#8220;m-padding&#8220;][vc_column][vc_custom_heading text=&#8220;Weine&#8220; font_container=&#8220;tag:h1|text_align:center&#8220; google_fonts=&#8220;font_family:ABeeZee%3Aregular%2Citalic|font_style:400%20regular%3A400%3Anormal&#8220;][\/vc_column][vc_column width=&#8220;1\/6&#8243; animation=&#8220;fadeIn&#8220;][\/vc_column][vc_column width=&#8220;2\/3&#8243;][vc_column_text] Alle unsere Trauben stammen aus \u00f6kologisch bewirtschafteten Weinbergen und werden von Hand geerntet. Der Saft wird ganz von selbst zu Wein, wir brauchen und verwenden keine Zusatzstoffe. Im Jahr 2023 haben wir ein neues Etikettendesign eingef\u00fchrt, so dass wir in absehbarer Zeit [&hellip;]<\/p>\n","protected":false},"author":1,"featured_media":0,"parent":0,"menu_order":0,"comment_status":"closed","ping_status":"closed","template":"","meta":{"_acf_changed":false,"footnotes":""},"class_list":["post-5934","page","type-page","status-publish","hentry"],"acf":[],"_links":{"self":[{"href":"https:\/\/2naturkinder.de\/de\/wp-json\/wp\/v2\/pages\/5934","targetHints":{"allow":["GET"]}}],"collection":[{"href":"https:\/\/2naturkinder.de\/de\/wp-json\/wp\/v2\/pages"}],"about":[{"href":"https:\/\/2naturkinder.de\/de\/wp-json\/wp\/v2\/types\/page"}],"author":[{"embeddable":true,"href":"https:\/\/2naturkinder.de\/de\/wp-json\/wp\/v2\/users\/1"}],"replies":[{"embeddable":true,"href":"https:\/\/2naturkinder.de\/de\/wp-json\/wp\/v2\/comments?post=5934"}],"version-history":[{"count":7,"href":"https:\/\/2naturkinder.de\/de\/wp-json\/wp\/v2\/pages\/5934\/revisions"}],"predecessor-version":[{"id":6130,"href":"https:\/\/2naturkinder.de\/de\/wp-json\/wp\/v2\/pages\/5934\/revisions\/6130"}],"wp:attachment":[{"href":"https:\/\/2naturkinder.de\/de\/wp-json\/wp\/v2\/media?parent=5934"}],"curies":[{"name":"wp","href":"https:\/\/api.w.org\/{rel}","templated":true}]}}